{"id":108,"date":"2020-03-10T16:36:48","date_gmt":"2020-03-10T15:36:48","guid":{"rendered":"https:\/\/buergerwind-welzheim.de\/?page_id=108"},"modified":"2024-05-09T20:13:44","modified_gmt":"2024-05-09T18:13:44","slug":"impressum","status":"publish","type":"page","link":"https:\/\/buergerwind-welzheim.de\/?page_id=108","title":{"rendered":"Impressum"},"content":{"rendered":"\t\t<div data-elementor-type=\"wp-page\" data-elementor-id=\"108\" class=\"elementor elementor-108\">\n\t\t\t\t\t\t<section class=\"elementor-section elementor-top-section elementor-element elementor-element-5f6f3f5 elementor-section-stretched elementor-section-boxed elementor-section-height-default elementor-section-height-default\" data-id=\"5f6f3f5\" data-element_type=\"section\" data-settings=\"{&quot;stretch_section&quot;:&quot;section-stretched&quot;}\">\n\t\t\t\t\t\t<div class=\"elementor-container elementor-column-gap-default\">\n\t\t\t\t\t<div class=\"elementor-column elementor-col-100 elementor-top-column elementor-element elementor-element-134a007\" data-id=\"134a007\" data-element_type=\"column\">\n\t\t\t<div class=\"elementor-widget-wrap elementor-element-populated\">\n\t\t\t\t\t\t<div class=\"elementor-element elementor-element-213f802 elementor-widget elementor-widget-heading\" data-id=\"213f802\" data-element_type=\"widget\" data-widget_type=\"heading.default\">\n\t\t\t\t<div class=\"elementor-widget-container\">\n\t\t\t\t\t<h6 class=\"elementor-heading-title elementor-size-default\">Angaben gem\u00e4\u00df \u00a7 5 TMG <\/h6>\t\t\t\t<\/div>\n\t\t\t\t<\/div>\n\t\t\t\t<section class=\"elementor-section elementor-inner-section elementor-element elementor-element-e2028f5 elementor-section-full_width elementor-section-height-default elementor-section-height-default\" data-id=\"e2028f5\" data-element_type=\"section\">\n\t\t\t\t\t\t<div class=\"elementor-container elementor-column-gap-default\">\n\t\t\t\t\t<div class=\"elementor-column elementor-col-33 elementor-inner-column elementor-element elementor-element-1171b73\" data-id=\"1171b73\" data-element_type=\"column\">\n\t\t\t<div class=\"elementor-widget-wrap elementor-element-populated\">\n\t\t\t\t\t\t<div class=\"elementor-element elementor-element-7c738e5 elementor-widget elementor-widget-text-editor\" data-id=\"7c738e5\" data-element_type=\"widget\" data-widget_type=\"text-editor.default\">\n\t\t\t\t<div class=\"elementor-widget-container\">\n\t\t\t\t\t\t\t\t\t<p><strong>B\u00fcrgerWind Welzheim GmbH &amp; C0.KG.<\/strong><\/p><p>Zeilgasse 5<br \/>73642 Welzheim<\/p><p>\u00a0<\/p><p>Tel. 07182 8161<\/p>\t\t\t\t\t\t\t\t<\/div>\n\t\t\t\t<\/div>\n\t\t\t\t\t<\/div>\n\t\t<\/div>\n\t\t\t\t<div class=\"elementor-column elementor-col-33 elementor-inner-column elementor-element elementor-element-7102dd5\" data-id=\"7102dd5\" data-element_type=\"column\">\n\t\t\t<div class=\"elementor-widget-wrap elementor-element-populated\">\n\t\t\t\t\t\t<div class=\"elementor-element elementor-element-de1429b elementor-widget elementor-widget-text-editor\" data-id=\"de1429b\" data-element_type=\"widget\" data-widget_type=\"text-editor.default\">\n\t\t\t\t<div class=\"elementor-widget-container\">\n\t\t\t\t\t\t\t\t\t<p><strong>Gesch\u00e4ftsf\u00fchrer kaufm\u00e4nisch<\/strong><\/p><p>Martin Wiedmaier<\/p><p>Zeilgasse 5<br \/>73642 Welzheim<\/p><p>Tel. 07182 8161<\/p>\t\t\t\t\t\t\t\t<\/div>\n\t\t\t\t<\/div>\n\t\t\t\t\t<\/div>\n\t\t<\/div>\n\t\t\t\t<div class=\"elementor-column elementor-col-33 elementor-inner-column elementor-element elementor-element-e810480\" data-id=\"e810480\" data-element_type=\"column\">\n\t\t\t<div class=\"elementor-widget-wrap elementor-element-populated\">\n\t\t\t\t\t\t<div class=\"elementor-element elementor-element-c945cae elementor-widget elementor-widget-text-editor\" data-id=\"c945cae\" data-element_type=\"widget\" data-widget_type=\"text-editor.default\">\n\t\t\t\t<div class=\"elementor-widget-container\">\n\t\t\t\t\t\t\t\t\t<p><strong>Gesch\u00e4ftsf\u00fchrer technisch<\/strong><\/p><p>Friedrich Krauter<\/p><p>Rieslingstr. 11<br \/>71384 Weinstadt<\/p><p>Tel. 07151 690245<br \/>(Verantwortlicher f\u00fcr die WEB-Seite)<\/p>\t\t\t\t\t\t\t\t<\/div>\n\t\t\t\t<\/div>\n\t\t\t\t\t<\/div>\n\t\t<\/div>\n\t\t\t\t\t<\/div>\n\t\t<\/section>\n\t\t\t\t<div class=\"elementor-element elementor-element-a4213c8 elementor-widget elementor-widget-text-editor\" data-id=\"a4213c8\" data-element_type=\"widget\" data-widget_type=\"text-editor.default\">\n\t\t\t\t<div class=\"elementor-widget-container\">\n\t\t\t\t\t\t\t\t\t<p><strong>E-mail:\u00a0<\/strong> <a href=\"mailto:information@buergerwind-welzheim.de\">information@buergerwind-welzheim.de<\/a><\/p>\t\t\t\t\t\t\t\t<\/div>\n\t\t\t\t<\/div>\n\t\t\t\t<section class=\"elementor-section elementor-inner-section elementor-element elementor-element-7250c76 elementor-section-boxed elementor-section-height-default elementor-section-height-default\" data-id=\"7250c76\" data-element_type=\"section\">\n\t\t\t\t\t\t<div class=\"elementor-container elementor-column-gap-default\">\n\t\t\t\t\t<div class=\"elementor-column elementor-col-50 elementor-inner-column elementor-element elementor-element-6d909f8\" data-id=\"6d909f8\" data-element_type=\"column\">\n\t\t\t<div class=\"elementor-widget-wrap elementor-element-populated\">\n\t\t\t\t\t\t<div class=\"elementor-element elementor-element-7e6981e elementor-widget elementor-widget-text-editor\" data-id=\"7e6981e\" data-element_type=\"widget\" data-widget_type=\"text-editor.default\">\n\t\t\t\t<div class=\"elementor-widget-container\">\n\t\t\t\t\t\t\t\t\t<p>Registerort Stuttgart &nbsp; &nbsp;&nbsp; &nbsp; Gerichtsstand Schorndorf<\/p>\n<p>Steuernummer KG : &nbsp;&nbsp; &nbsp;&nbsp; &nbsp;&nbsp; 8200201606<br>Steuernummer GmbH:&nbsp; &nbsp;&nbsp; 8200201614<br>Betriebs Nr.:&nbsp; &nbsp; &nbsp; &nbsp; &nbsp;&nbsp;&nbsp;&nbsp;&nbsp;&nbsp;&nbsp;&nbsp;&nbsp;&nbsp;&nbsp;&nbsp;&nbsp;&nbsp; 66810004<br>Handelsregistereintrag:&nbsp;&nbsp; HRA 281113&nbsp;&nbsp;&nbsp;&nbsp;&nbsp; HRB 282054<\/p>\t\t\t\t\t\t\t\t<\/div>\n\t\t\t\t<\/div>\n\t\t\t\t\t<\/div>\n\t\t<\/div>\n\t\t\t\t<div class=\"elementor-column elementor-col-50 elementor-inner-column elementor-element elementor-element-2af922c\" data-id=\"2af922c\" data-element_type=\"column\">\n\t\t\t<div class=\"elementor-widget-wrap elementor-element-populated\">\n\t\t\t\t\t\t<div class=\"elementor-element elementor-element-f425a50 elementor-widget elementor-widget-text-editor\" data-id=\"f425a50\" data-element_type=\"widget\" data-widget_type=\"text-editor.default\">\n\t\t\t\t<div class=\"elementor-widget-container\">\n\t\t\t\t\t\t\t\t\t<p lang=\"zxx\">Bank: &nbsp; VR&nbsp; Bank Schw\u00e4bischer Wald eG<br><\/p>\n<p lang=\"zxx\">IBAN: &nbsp; DE72 6139 1410 0021 2130 03<br>BIC:&nbsp;&nbsp;&nbsp;&nbsp;&nbsp; GENODES1WEL<\/p>\n<p><br><\/p>&nbsp; <br>\t\t\t\t\t\t\t\t<\/div>\n\t\t\t\t<\/div>\n\t\t\t\t\t<\/div>\n\t\t<\/div>\n\t\t\t\t\t<\/div>\n\t\t<\/section>\n\t\t\t\t\t<\/div>\n\t\t<\/div>\n\t\t\t\t\t<\/div>\n\t\t<\/section>\n\t\t\t\t<\/div>\n\t\t","protected":false},"excerpt":{"rendered":"<p>Angaben gem\u00e4\u00df \u00a7 5 TMG B\u00fcrgerWind Welzheim GmbH &amp; C0.KG. Zeilgasse 573642 Welzheim \u00a0 Tel. 07182 8161 Gesch\u00e4ftsf\u00fchrer kaufm\u00e4nisch Martin Wiedmaier Zeilgasse 573642 Welzheim Tel. 07182 8161 Gesch\u00e4ftsf\u00fchrer technisch Friedrich Krauter Rieslingstr. 1171384 Weinstadt Tel. 07151 690245(Verantwortlicher f\u00fcr die WEB-Seite) E-mail:\u00a0 information@buergerwind-welzheim.de Registerort Stuttgart &nbsp; &nbsp;&nbsp; &nbsp; Gerichtsstand Schorndorf Steuernummer KG : &nbsp;&nbsp; &nbsp;&nbsp; &nbsp;&nbsp; [&hellip;]<\/p>\n","protected":false},"author":1,"featured_media":0,"parent":0,"menu_order":0,"comment_status":"closed","ping_status":"closed","template":"","meta":{"footnotes":""},"class_list":["post-108","page","type-page","status-publish","hentry"],"_links":{"self":[{"href":"https:\/\/buergerwind-welzheim.de\/index.php?rest_route=\/wp\/v2\/pages\/108","targetHints":{"allow":["GET"]}}],"collection":[{"href":"https:\/\/buergerwind-welzheim.de\/index.php?rest_route=\/wp\/v2\/pages"}],"about":[{"href":"https:\/\/buergerwind-welzheim.de\/index.php?rest_route=\/wp\/v2\/types\/page"}],"author":[{"embeddable":true,"href":"https:\/\/buergerwind-welzheim.de\/index.php?rest_route=\/wp\/v2\/users\/1"}],"replies":[{"embeddable":true,"href":"https:\/\/buergerwind-welzheim.de\/index.php?rest_route=%2Fwp%2Fv2%2Fcomments&post=108"}],"version-history":[{"count":28,"href":"https:\/\/buergerwind-welzheim.de\/index.php?rest_route=\/wp\/v2\/pages\/108\/revisions"}],"predecessor-version":[{"id":258,"href":"https:\/\/buergerwind-welzheim.de\/index.php?rest_route=\/wp\/v2\/pages\/108\/revisions\/258"}],"wp:attachment":[{"href":"https:\/\/buergerwind-welzheim.de\/index.php?rest_route=%2Fwp%2Fv2%2Fmedia&parent=108"}],"curies":[{"name":"wp","href":"https:\/\/api.w.org\/{rel}","templated":true}]}}