{"id":75,"date":"2020-03-10T15:48:56","date_gmt":"2020-03-10T14:48:56","guid":{"rendered":"https:\/\/buergerwind-welzheim.de\/?page_id=75"},"modified":"2022-01-27T18:07:43","modified_gmt":"2022-01-27T17:07:43","slug":"technik","status":"publish","type":"page","link":"https:\/\/buergerwind-welzheim.de\/?page_id=75","title":{"rendered":"Technik"},"content":{"rendered":"\t\t<div data-elementor-type=\"wp-page\" data-elementor-id=\"75\" class=\"elementor elementor-75\">\n\t\t\t\t\t\t<section class=\"elementor-section elementor-top-section elementor-element elementor-element-57be936 elementor-section-stretched elementor-section-boxed elementor-section-height-default elementor-section-height-default\" data-id=\"57be936\" data-element_type=\"section\" data-settings=\"{&quot;stretch_section&quot;:&quot;section-stretched&quot;}\">\n\t\t\t\t\t\t<div class=\"elementor-container elementor-column-gap-default\">\n\t\t\t\t\t<div class=\"elementor-column elementor-col-100 elementor-top-column elementor-element elementor-element-8d77d87\" data-id=\"8d77d87\" data-element_type=\"column\">\n\t\t\t<div class=\"elementor-widget-wrap elementor-element-populated\">\n\t\t\t\t\t\t<section class=\"elementor-section elementor-inner-section elementor-element elementor-element-5e52d72 elementor-section-boxed elementor-section-height-default elementor-section-height-default\" data-id=\"5e52d72\" data-element_type=\"section\">\n\t\t\t\t\t\t<div class=\"elementor-container elementor-column-gap-default\">\n\t\t\t\t\t<div class=\"elementor-column elementor-col-33 elementor-inner-column elementor-element elementor-element-9889eee\" data-id=\"9889eee\" data-element_type=\"column\">\n\t\t\t<div class=\"elementor-widget-wrap elementor-element-populated\">\n\t\t\t\t\t\t<div class=\"elementor-element elementor-element-bbafb9e elementor-widget elementor-widget-image\" data-id=\"bbafb9e\" data-element_type=\"widget\" data-widget_type=\"image.default\">\n\t\t\t\t<div class=\"elementor-widget-container\">\n\t\t\t\t\t\t\t\t\t\t\t\t<figure class=\"wp-caption\">\n\t\t\t\t\t\t\t\t\t\t<img fetchpriority=\"high\" decoding=\"async\" width=\"580\" height=\"773\" src=\"https:\/\/buergerwind-welzheim.de\/wp-content\/uploads\/2020\/03\/image046-768x1024.jpg\" class=\"attachment-large size-large wp-image-21\" alt=\"\" srcset=\"https:\/\/buergerwind-welzheim.de\/wp-content\/uploads\/2020\/03\/image046-768x1024.jpg 768w, https:\/\/buergerwind-welzheim.de\/wp-content\/uploads\/2020\/03\/image046-225x300.jpg 225w, https:\/\/buergerwind-welzheim.de\/wp-content\/uploads\/2020\/03\/image046-1152x1536.jpg 1152w, https:\/\/buergerwind-welzheim.de\/wp-content\/uploads\/2020\/03\/image046.jpg 1194w\" sizes=\"(max-width: 580px) 100vw, 580px\" \/>\t\t\t\t\t\t\t\t\t\t\t<figcaption class=\"widget-image-caption wp-caption-text\">Getriebe und Generator<\/figcaption>\n\t\t\t\t\t\t\t\t\t\t<\/figure>\n\t\t\t\t\t\t\t\t\t<\/div>\n\t\t\t\t<\/div>\n\t\t\t\t\t<\/div>\n\t\t<\/div>\n\t\t\t\t<div class=\"elementor-column elementor-col-33 elementor-inner-column elementor-element elementor-element-e6f09bd\" data-id=\"e6f09bd\" data-element_type=\"column\">\n\t\t\t<div class=\"elementor-widget-wrap elementor-element-populated\">\n\t\t\t\t\t\t<div class=\"elementor-element elementor-element-9e9b7b0 elementor-widget elementor-widget-text-editor\" data-id=\"9e9b7b0\" data-element_type=\"widget\" data-widget_type=\"text-editor.default\">\n\t\t\t\t<div class=\"elementor-widget-container\">\n\t\t\t\t\t\t\t\t\t<p style=\"text-align: left;\"><strong>Leistung<br \/><\/strong>Nennleistung<br \/>Einschaltgeschwindigkeit<br \/>Nenngeschwindigkeit<br \/>Abschaltgeschwindigkeit<\/p>\t\t\t\t\t\t\t\t<\/div>\n\t\t\t\t<\/div>\n\t\t\t\t<div class=\"elementor-element elementor-element-f2084a8 elementor-widget elementor-widget-text-editor\" data-id=\"f2084a8\" data-element_type=\"widget\" data-widget_type=\"text-editor.default\">\n\t\t\t\t<div class=\"elementor-widget-container\">\n\t\t\t\t\t\t\t\t\t<p style=\"text-align: left;\"><strong>Getriebe<br \/><\/strong>Bauart<br \/>Drehzahl<br \/>\u00dcbersetzung<\/p>\t\t\t\t\t\t\t\t<\/div>\n\t\t\t\t<\/div>\n\t\t\t\t<div class=\"elementor-element elementor-element-1c991a3 elementor-widget elementor-widget-text-editor\" data-id=\"1c991a3\" data-element_type=\"widget\" data-widget_type=\"text-editor.default\">\n\t\t\t\t<div class=\"elementor-widget-container\">\n\t\t\t\t\t\t\t\t\t<p style=\"text-align: left;\"><strong>Generator<br \/><\/strong>Fa. Elin<br \/>Drehzahl<br \/>Spannung<\/p>\t\t\t\t\t\t\t\t<\/div>\n\t\t\t\t<\/div>\n\t\t\t\t\t<\/div>\n\t\t<\/div>\n\t\t\t\t<div class=\"elementor-column elementor-col-33 elementor-inner-column elementor-element elementor-element-0fe1752\" data-id=\"0fe1752\" data-element_type=\"column\">\n\t\t\t<div class=\"elementor-widget-wrap elementor-element-populated\">\n\t\t\t\t\t\t<div class=\"elementor-element elementor-element-c228cd4 elementor-widget elementor-widget-text-editor\" data-id=\"c228cd4\" data-element_type=\"widget\" data-widget_type=\"text-editor.default\">\n\t\t\t\t<div class=\"elementor-widget-container\">\n\t\t\t\t\t\t\t\t\t<p><br \/>1000 kW<br \/>3 m\/s\u00a0\u00a0\u00a0\u00a0\u00a0 = ca. 11 km\/h<br \/>14,5 m\/s = ca. 52 km\/h<br \/>25 m\/s\u00a0\u00a0\u00a0 =\u00a0\u00a0\u00a0\u00a0\u00a0\u00a0 90km\/h<\/p>\t\t\t\t\t\t\t\t<\/div>\n\t\t\t\t<\/div>\n\t\t\t\t<div class=\"elementor-element elementor-element-5cd06bc elementor-widget elementor-widget-text-editor\" data-id=\"5cd06bc\" data-element_type=\"widget\" data-widget_type=\"text-editor.default\">\n\t\t\t\t<div class=\"elementor-widget-container\">\n\t\t\t\t\t\t\t\t\t<p><br \/>Stirnrad\/Planeten<br \/>3 Stufen<br \/>1:71<\/p>\t\t\t\t\t\t\t\t<\/div>\n\t\t\t\t<\/div>\n\t\t\t\t<div class=\"elementor-element elementor-element-072fe0a elementor-widget elementor-widget-text-editor\" data-id=\"072fe0a\" data-element_type=\"widget\" data-widget_type=\"text-editor.default\">\n\t\t\t\t<div class=\"elementor-widget-container\">\n\t\t\t\t\t\t\t\t\t<p>asynchron\/polumschaltbar\u00a0\u00a0 (4\/6polig)<br \/>1000\/1500 Umdr.\/min<br \/>3 x 690 V~<\/p>\t\t\t\t\t\t\t\t<\/div>\n\t\t\t\t<\/div>\n\t\t\t\t\t<\/div>\n\t\t<\/div>\n\t\t\t\t\t<\/div>\n\t\t<\/section>\n\t\t\t\t<section class=\"elementor-section elementor-inner-section elementor-element elementor-element-0e7bdbc elementor-section-boxed elementor-section-height-default elementor-section-height-default\" data-id=\"0e7bdbc\" data-element_type=\"section\">\n\t\t\t\t\t\t<div class=\"elementor-container elementor-column-gap-default\">\n\t\t\t\t\t<div class=\"elementor-column elementor-col-33 elementor-inner-column elementor-element elementor-element-e84bc80\" data-id=\"e84bc80\" data-element_type=\"column\">\n\t\t\t<div class=\"elementor-widget-wrap elementor-element-populated\">\n\t\t\t\t\t\t<div class=\"elementor-element elementor-element-9e72770 elementor-widget elementor-widget-image\" data-id=\"9e72770\" data-element_type=\"widget\" data-widget_type=\"image.default\">\n\t\t\t\t<div class=\"elementor-widget-container\">\n\t\t\t\t\t\t\t\t\t\t\t\t\t\t\t<img decoding=\"async\" width=\"580\" height=\"773\" src=\"https:\/\/buergerwind-welzheim.de\/wp-content\/uploads\/2020\/03\/Windrad_seitlich-768x1024.jpg\" class=\"attachment-large size-large wp-image-33\" alt=\"\" srcset=\"https:\/\/buergerwind-welzheim.de\/wp-content\/uploads\/2020\/03\/Windrad_seitlich-768x1024.jpg 768w, https:\/\/buergerwind-welzheim.de\/wp-content\/uploads\/2020\/03\/Windrad_seitlich-225x300.jpg 225w, https:\/\/buergerwind-welzheim.de\/wp-content\/uploads\/2020\/03\/Windrad_seitlich-1152x1536.jpg 1152w, https:\/\/buergerwind-welzheim.de\/wp-content\/uploads\/2020\/03\/Windrad_seitlich-1536x2048.jpg 1536w, https:\/\/buergerwind-welzheim.de\/wp-content\/uploads\/2020\/03\/Windrad_seitlich-1200x1600.jpg 1200w, https:\/\/buergerwind-welzheim.de\/wp-content\/uploads\/2020\/03\/Windrad_seitlich-1980x2640.jpg 1980w, https:\/\/buergerwind-welzheim.de\/wp-content\/uploads\/2020\/03\/Windrad_seitlich-scaled.jpg 1920w\" sizes=\"(max-width: 580px) 100vw, 580px\" \/>\t\t\t\t\t\t\t\t\t\t\t\t\t\t\t<\/div>\n\t\t\t\t<\/div>\n\t\t\t\t\t<\/div>\n\t\t<\/div>\n\t\t\t\t<div class=\"elementor-column elementor-col-33 elementor-inner-column elementor-element elementor-element-b72b26c\" data-id=\"b72b26c\" data-element_type=\"column\">\n\t\t\t<div class=\"elementor-widget-wrap elementor-element-populated\">\n\t\t\t\t\t\t<div class=\"elementor-element elementor-element-978fc84 elementor-widget elementor-widget-text-editor\" data-id=\"978fc84\" data-element_type=\"widget\" data-widget_type=\"text-editor.default\">\n\t\t\t\t<div class=\"elementor-widget-container\">\n\t\t\t\t\t\t\t\t\t<p style=\"text-align: left;\"><strong>Rotor<br \/><\/strong>Durchmesser<br \/>Rotorfl\u00e4che<br \/>Drehzahl<br \/>Blitzschutz<br \/>Fl\u00fcgel feststehend d.h.<br \/>Blattspitzengeschwindigkeit<\/p>\t\t\t\t\t\t\t\t<\/div>\n\t\t\t\t<\/div>\n\t\t\t\t<div class=\"elementor-element elementor-element-40b4067 elementor-widget elementor-widget-text-editor\" data-id=\"40b4067\" data-element_type=\"widget\" data-widget_type=\"text-editor.default\">\n\t\t\t\t<div class=\"elementor-widget-container\">\n\t\t\t\t\t\t\t\t\t<p style=\"text-align: left;\"><strong>Mast<br \/><\/strong>Bauart<br \/>Nabenh\u00f6he<br \/>Durchmesser oben<br \/>Durchmesser unten<\/p>\t\t\t\t\t\t\t\t<\/div>\n\t\t\t\t<\/div>\n\t\t\t\t\t<\/div>\n\t\t<\/div>\n\t\t\t\t<div class=\"elementor-column elementor-col-33 elementor-inner-column elementor-element elementor-element-0471a93\" data-id=\"0471a93\" data-element_type=\"column\">\n\t\t\t<div class=\"elementor-widget-wrap elementor-element-populated\">\n\t\t\t\t\t\t<div class=\"elementor-element elementor-element-3a3aabc elementor-widget elementor-widget-text-editor\" data-id=\"3a3aabc\" data-element_type=\"widget\" data-widget_type=\"text-editor.default\">\n\t\t\t\t<div class=\"elementor-widget-container\">\n\t\t\t\t\t\t\t\t\t<p><br \/>54 m<br \/>2290 m\u00b2<br \/>14 oder 21 Umdr.\/min<br \/>im Blatt integriert<br \/>stallreguliert<br \/>62 m\/s = ca. 223 km\/h<\/p>\t\t\t\t\t\t\t\t<\/div>\n\t\t\t\t<\/div>\n\t\t\t\t<div class=\"elementor-element elementor-element-91ce2a2 elementor-widget elementor-widget-text-editor\" data-id=\"91ce2a2\" data-element_type=\"widget\" data-widget_type=\"text-editor.default\">\n\t\t\t\t<div class=\"elementor-widget-container\">\n\t\t\t\t\t\t\t\t\t<p>konischer Rohrturm<br \/>70 m<br \/>2,20 m<br \/>3,90 m<\/p>\t\t\t\t\t\t\t\t<\/div>\n\t\t\t\t<\/div>\n\t\t\t\t\t<\/div>\n\t\t<\/div>\n\t\t\t\t\t<\/div>\n\t\t<\/section>\n\t\t\t\t<section class=\"elementor-section elementor-inner-section elementor-element elementor-element-632ca9b elementor-section-boxed elementor-section-height-default elementor-section-height-default\" data-id=\"632ca9b\" data-element_type=\"section\">\n\t\t\t\t\t\t<div class=\"elementor-container elementor-column-gap-default\">\n\t\t\t\t\t<div class=\"elementor-column elementor-col-33 elementor-inner-column elementor-element elementor-element-4ad3995\" data-id=\"4ad3995\" data-element_type=\"column\">\n\t\t\t<div class=\"elementor-widget-wrap elementor-element-populated\">\n\t\t\t\t\t\t<div class=\"elementor-element elementor-element-c4974fd elementor-widget elementor-widget-image\" data-id=\"c4974fd\" data-element_type=\"widget\" data-widget_type=\"image.default\">\n\t\t\t\t<div class=\"elementor-widget-container\">\n\t\t\t\t\t\t\t\t\t\t\t\t<figure class=\"wp-caption\">\n\t\t\t\t\t\t\t\t\t\t<img decoding=\"async\" width=\"580\" height=\"435\" src=\"https:\/\/buergerwind-welzheim.de\/wp-content\/uploads\/2020\/03\/image042-1024x768.jpg\" class=\"attachment-large size-large wp-image-17\" alt=\"\" srcset=\"https:\/\/buergerwind-welzheim.de\/wp-content\/uploads\/2020\/03\/image042-1024x768.jpg 1024w, https:\/\/buergerwind-welzheim.de\/wp-content\/uploads\/2020\/03\/image042-300x225.jpg 300w, https:\/\/buergerwind-welzheim.de\/wp-content\/uploads\/2020\/03\/image042-768x576.jpg 768w, https:\/\/buergerwind-welzheim.de\/wp-content\/uploads\/2020\/03\/image042-1536x1152.jpg 1536w, https:\/\/buergerwind-welzheim.de\/wp-content\/uploads\/2020\/03\/image042-1200x900.jpg 1200w, https:\/\/buergerwind-welzheim.de\/wp-content\/uploads\/2020\/03\/image042.jpg 1592w\" sizes=\"(max-width: 580px) 100vw, 580px\" \/>\t\t\t\t\t\t\t\t\t\t\t<figcaption class=\"widget-image-caption wp-caption-text\">2. Bremssystem: Scheibenbremse mit 2 Bremss\u00e4tteln, dahinter Getriebe<\/figcaption>\n\t\t\t\t\t\t\t\t\t\t<\/figure>\n\t\t\t\t\t\t\t\t\t<\/div>\n\t\t\t\t<\/div>\n\t\t\t\t\t<\/div>\n\t\t<\/div>\n\t\t\t\t<div class=\"elementor-column elementor-col-33 elementor-inner-column elementor-element elementor-element-299f970\" data-id=\"299f970\" data-element_type=\"column\">\n\t\t\t<div class=\"elementor-widget-wrap elementor-element-populated\">\n\t\t\t\t\t\t<div class=\"elementor-element elementor-element-475a387 elementor-widget elementor-widget-text-editor\" data-id=\"475a387\" data-element_type=\"widget\" data-widget_type=\"text-editor.default\">\n\t\t\t\t<div class=\"elementor-widget-container\">\n\t\t\t\t\t\t\t\t\t<p style=\"text-align: left;\"><strong>Regelung<br \/><\/strong>Drehzahlregelung<br \/>Windnachf\u00fchrung<br \/>Hauptbremse<br \/>2.Bremssystem<br \/>\u00dcberwachung<\/p>\t\t\t\t\t\t\t\t<\/div>\n\t\t\t\t<\/div>\n\t\t\t\t<div class=\"elementor-element elementor-element-a84d4e9 elementor-widget elementor-widget-text-editor\" data-id=\"a84d4e9\" data-element_type=\"widget\" data-widget_type=\"text-editor.default\">\n\t\t\t\t<div class=\"elementor-widget-container\">\n\t\t\t\t\t\t\t\t\t<p style=\"text-align: left;\"><strong>Massen<br \/><\/strong>Rotor<br \/>Blattgewicht<br \/>Gondel<br \/>Mast<br \/>Fundament<\/p>\t\t\t\t\t\t\t\t<\/div>\n\t\t\t\t<\/div>\n\t\t\t\t<div class=\"elementor-element elementor-element-8ec02c4 elementor-widget elementor-widget-text-editor\" data-id=\"8ec02c4\" data-element_type=\"widget\" data-widget_type=\"text-editor.default\">\n\t\t\t\t<div class=\"elementor-widget-container\">\n\t\t\t\t\t\t\t\t\t<p style=\"text-align: left;\"><strong>Planung<br \/><\/strong>Beginn<br \/>Inbetriebnahme<\/p>\t\t\t\t\t\t\t\t<\/div>\n\t\t\t\t<\/div>\n\t\t\t\t\t<\/div>\n\t\t<\/div>\n\t\t\t\t<div class=\"elementor-column elementor-col-33 elementor-inner-column elementor-element elementor-element-9a83727\" data-id=\"9a83727\" data-element_type=\"column\">\n\t\t\t<div class=\"elementor-widget-wrap elementor-element-populated\">\n\t\t\t\t\t\t<div class=\"elementor-element elementor-element-984a105 elementor-widget elementor-widget-text-editor\" data-id=\"984a105\" data-element_type=\"widget\" data-widget_type=\"text-editor.default\">\n\t\t\t\t<div class=\"elementor-widget-container\">\n\t\t\t\t\t\t\t\t\t<p>\u00a0\u00a0\u00a0\u00a0\u00a0\u00a0\u00a0\u00a0\u00a0\u00a0\u00a0\u00a0\u00a0\u00a0\u00a0\u00a0\u00a0\u00a0\u00a0\u00a0\u00a0\u00a0\u00a0 Netzparallelbetrieb<br \/>2 Getriebemotoren<br \/>Blattspitzenverstellung<br \/>Scheibenbremse<br \/>Leitstelle: Deutsche Windtechnik<\/p>\t\t\t\t\t\t\t\t<\/div>\n\t\t\t\t<\/div>\n\t\t\t\t<div class=\"elementor-element elementor-element-c277571 elementor-widget elementor-widget-text-editor\" data-id=\"c277571\" data-element_type=\"widget\" data-widget_type=\"text-editor.default\">\n\t\t\t\t<div class=\"elementor-widget-container\">\n\t\t\t\t\t\t\t\t\t<p><br \/>18,5 t<br \/>4,2 t<br \/>40,5 t<br \/>95 t<br \/>650 t (13,5 m Durchmesser)<\/p>\t\t\t\t\t\t\t\t<\/div>\n\t\t\t\t<\/div>\n\t\t\t\t<div class=\"elementor-element elementor-element-6dc623c elementor-widget elementor-widget-text-editor\" data-id=\"6dc623c\" data-element_type=\"widget\" data-widget_type=\"text-editor.default\">\n\t\t\t\t<div class=\"elementor-widget-container\">\n\t\t\t\t\t\t\t\t\t<p><br \/>Herbst 1997<br \/>23.12.2004<\/p>\t\t\t\t\t\t\t\t<\/div>\n\t\t\t\t<\/div>\n\t\t\t\t\t<\/div>\n\t\t<\/div>\n\t\t\t\t\t<\/div>\n\t\t<\/section>\n\t\t\t\t<section class=\"elementor-section elementor-inner-section elementor-element elementor-element-58cf82a elementor-section-boxed elementor-section-height-default elementor-section-height-default\" data-id=\"58cf82a\" data-element_type=\"section\">\n\t\t\t\t\t\t<div class=\"elementor-container elementor-column-gap-default\">\n\t\t\t\t\t<div class=\"elementor-column elementor-col-50 elementor-inner-column elementor-element elementor-element-2f3a8a1\" data-id=\"2f3a8a1\" data-element_type=\"column\">\n\t\t\t<div class=\"elementor-widget-wrap elementor-element-populated\">\n\t\t\t\t\t\t<div class=\"elementor-element elementor-element-c7eb59e elementor-widget elementor-widget-image\" data-id=\"c7eb59e\" data-element_type=\"widget\" data-widget_type=\"image.default\">\n\t\t\t\t<div class=\"elementor-widget-container\">\n\t\t\t\t\t\t\t\t\t\t\t\t\t\t\t<img loading=\"lazy\" decoding=\"async\" width=\"576\" height=\"1024\" src=\"https:\/\/buergerwind-welzheim.de\/wp-content\/uploads\/2020\/08\/Trafo-Einspeise06-1-576x1024.jpg\" class=\"attachment-large size-large wp-image-217\" alt=\"\" srcset=\"https:\/\/buergerwind-welzheim.de\/wp-content\/uploads\/2020\/08\/Trafo-Einspeise06-1-576x1024.jpg 576w, https:\/\/buergerwind-welzheim.de\/wp-content\/uploads\/2020\/08\/Trafo-Einspeise06-1-169x300.jpg 169w, https:\/\/buergerwind-welzheim.de\/wp-content\/uploads\/2020\/08\/Trafo-Einspeise06-1.jpg 750w\" sizes=\"(max-width: 576px) 100vw, 576px\" \/>\t\t\t\t\t\t\t\t\t\t\t\t\t\t\t<\/div>\n\t\t\t\t<\/div>\n\t\t\t\t\t<\/div>\n\t\t<\/div>\n\t\t\t\t<div class=\"elementor-column elementor-col-50 elementor-inner-column elementor-element elementor-element-bcf5c17\" data-id=\"bcf5c17\" data-element_type=\"column\">\n\t\t\t<div class=\"elementor-widget-wrap elementor-element-populated\">\n\t\t\t\t\t\t<div class=\"elementor-element elementor-element-4018267 elementor-widget elementor-widget-text-editor\" data-id=\"4018267\" data-element_type=\"widget\" data-widget_type=\"text-editor.default\">\n\t\t\t\t<div class=\"elementor-widget-container\">\n\t\t\t\t\t\t\t\t\t<p style=\"text-align: left;\"><strong>Stromerzeugung und \u00dcbergabe<br \/><\/strong>Vom Generator kommen 3 x 690 V, diese werden am Fu\u00df der Anlage in 20m Enfernung im Trafohaus auf 20 kV hochtransformiert. Diese gehen in 80 m Entfernung in die \u00dcbergabestation. Hier ist der Stromz\u00e4hler und hier beginnt das \u00f6ffentliche Netz. Nach weiteren 200 m ist der Einspeisepunkt im Pumpwerk Aichstrut.<\/p>\t\t\t\t\t\t\t\t<\/div>\n\t\t\t\t<\/div>\n\t\t\t\t\t<\/div>\n\t\t<\/div>\n\t\t\t\t\t<\/div>\n\t\t<\/section>\n\t\t\t\t\t<\/div>\n\t\t<\/div>\n\t\t\t\t\t<\/div>\n\t\t<\/section>\n\t\t\t\t<\/div>\n\t\t","protected":false},"excerpt":{"rendered":"<p>Getriebe und Generator LeistungNennleistungEinschaltgeschwindigkeitNenngeschwindigkeitAbschaltgeschwindigkeit GetriebeBauartDrehzahl\u00dcbersetzung GeneratorFa. ElinDrehzahlSpannung 1000 kW3 m\/s\u00a0\u00a0\u00a0\u00a0\u00a0 = ca. 11 km\/h14,5 m\/s = ca. 52 km\/h25 m\/s\u00a0\u00a0\u00a0 =\u00a0\u00a0\u00a0\u00a0\u00a0\u00a0 90km\/h Stirnrad\/Planeten3 Stufen1:71 asynchron\/polumschaltbar\u00a0\u00a0 (4\/6polig)1000\/1500 Umdr.\/min3 x 690 V~ RotorDurchmesserRotorfl\u00e4cheDrehzahlBlitzschutzFl\u00fcgel feststehend d.h.Blattspitzengeschwindigkeit MastBauartNabenh\u00f6heDurchmesser obenDurchmesser unten 54 m2290 m\u00b214 oder 21 Umdr.\/minim Blatt integriertstallreguliert62 m\/s = ca. 223 km\/h konischer Rohrturm70 m2,20 m3,90 m 2. [&hellip;]<\/p>\n","protected":false},"author":1,"featured_media":0,"parent":0,"menu_order":0,"comment_status":"closed","ping_status":"closed","template":"","meta":{"footnotes":""},"class_list":["post-75","page","type-page","status-publish","hentry"],"_links":{"self":[{"href":"https:\/\/buergerwind-welzheim.de\/index.php?rest_route=\/wp\/v2\/pages\/75","targetHints":{"allow":["GET"]}}],"collection":[{"href":"https:\/\/buergerwind-welzheim.de\/index.php?rest_route=\/wp\/v2\/pages"}],"about":[{"href":"https:\/\/buergerwind-welzheim.de\/index.php?rest_route=\/wp\/v2\/types\/page"}],"author":[{"embeddable":true,"href":"https:\/\/buergerwind-welzheim.de\/index.php?rest_route=\/wp\/v2\/users\/1"}],"replies":[{"embeddable":true,"href":"https:\/\/buergerwind-welzheim.de\/index.php?rest_route=%2Fwp%2Fv2%2Fcomments&post=75"}],"version-history":[{"count":35,"href":"https:\/\/buergerwind-welzheim.de\/index.php?rest_route=\/wp\/v2\/pages\/75\/revisions"}],"predecessor-version":[{"id":229,"href":"https:\/\/buergerwind-welzheim.de\/index.php?rest_route=\/wp\/v2\/pages\/75\/revisions\/229"}],"wp:attachment":[{"href":"https:\/\/buergerwind-welzheim.de\/index.php?rest_route=%2Fwp%2Fv2%2Fmedia&parent=75"}],"curies":[{"name":"wp","href":"https:\/\/api.w.org\/{rel}","templated":true}]}}