{"id":76,"date":"2020-03-10T15:48:56","date_gmt":"2020-03-10T14:48:56","guid":{"rendered":"https:\/\/buergerwind-welzheim.de\/?page_id=76"},"modified":"2024-05-09T10:05:37","modified_gmt":"2024-05-09T08:05:37","slug":"geschichte","status":"publish","type":"page","link":"https:\/\/buergerwind-welzheim.de\/?page_id=76","title":{"rendered":"Geschichte"},"content":{"rendered":"\n<p><\/p>\n\n\n\n<p><\/p>\n\n\n\n<p><\/p>\n\n\n\n<p><\/p>\n\n\n\n<p><\/p>\n\n\n\n<p><\/p>\n\n\n\n<p><strong>Erste Windkraftanlage im Rems-Murr-Kreis seit Dezember 2004 in Betrieb<\/strong><\/p>\n\n\n\n<p>Pionierleistung von sechs engagierten B\u00fcrgern<\/p>\n\n\n\n<p>Begonnen hat das Ganze mit der Idee von Christof Stocker und Frieder Barei\u00df, zwei B\u00fcrger aus Welzheim und Umgebung. Im Jahre 1996 haben sie ihren Plan, ein Windrad mit ca. 80 kW Leistung zu errichten, in der Zeitung ver\u00f6ffentlicht. Daraufhin bildete sich ein Kreis von Unterst\u00fctzern, zu denen auch der langj\u00e4hrige kaufm\u00e4nnische Gesch\u00e4ftsf\u00fchrer der sp\u00e4teren \u201eB\u00fcrgerWind Welzheim GmbH &amp; Co. KG\u201c, Peter Fleischmann, geh\u00f6rte.<\/p>\n\n\n\n<p>Man erkannte schnell, dass ein Windrad so gro\u00df wie m\u00f6glich gebaut werden sollte, um das Energiepotential vern\u00fcnftig nutzen zu k\u00f6nnen. Mit der 1997 gegr\u00fcndeten \u201eInitiative Erneuerbare Energien Welzheimer Wald\u201c (IEEW), verfolgte die Gruppe das Ziel, eine Windkraftanlage mit 1.000 kW (1MW) Leistung zu errichten. In den Folgejahren wurden mehrere Standorte gepr\u00fcft und mussten wegen beh\u00f6rdlicher Einspr\u00fcche oder wegen massiver Widerst\u00e4nde vor Ort verworfen werden.<\/p>\n\n\n\n<p>Nach \u00fcber sechs Jahren konnte das Projekt \u201eWindkraftanlage in Welzheim\u201c 2003 am heutigen Standort, s\u00fcdlich des Wasserturms Aichstrut, planerisch in Angriff genommen werden. Der Genehmigungsantrag wurde f\u00fcr eine Anlage von Firma Fuhrl\u00e4nder mit 1.000 kW Leistung, 70 Metern Nabenh\u00f6he und einem Rotordurchmesser von 54 Metern eingebracht. Nur eine knappe Mehrheit im Gemeinderat der Stadt Welzheim sprach sich nach langem Z\u00f6gern f\u00fcr das Projekt aus. Bei dem f\u00fcr die Genehmigung zust\u00e4ndigen Landratsamt Rems-Murr erkl\u00e4rte der amtierende Landrat noch im Oktober 2003, dass er die \u201e\u00f6kologische Auswirkung\u201c auf das Landschaftsbild als gewichtiger werte als die Einsparung von CO<sub>2<\/sub>-Emissionen.<\/p>\n\n\n\n<p>R\u00fcckenwind f\u00fcr unser Projekt erfuhren wir ab dem Jahr 2000 mit der Ausweisung von Windvorranggebieten durch den Verband Region Stuttgart (VRS). Den Durchbruch schafften wir letztendlich durch einen expliziten Beschluss des Planungsausschusses des VRS im Jahre 2002 zugunsten der Errichtung eines Windrads am vorgesehenen Standort.<\/p>\n\n\n\n<p>Unser erkl\u00e4rtes Ziel war von Anfang an, der Bau eines B\u00fcrgerwindrades. Im Sommer 2003 gr\u00fcndeten wir dazu die Erneuerbare Energien Welzheim GmbH (EEW) und zur Finanzierung des Vorhabens die B\u00fcrgerWind Welzheim GmbH &amp; Co. KG.<br>Die Pr\u00e4ambel unseres Gesellschaftsvertrags besagt: <em>\u201eDie verst\u00e4rkte Nutzung der Windkraft ist eine Investition in unser aller Zukunft. Mit diesem Projekt soll ein weiterer Schritt zu einer umweltfreundlichen, CO<\/em><sub><em>2<\/em><\/sub><em>-vermindernden Energieversorgung getan werden.\u201c<\/em><\/p>\n\n\n\n<p>Mit der Werbung zur Beteiligung an dem Windkraftprojekt der \u201eB\u00fcrgerWind Welzheim\u201c zeigte sich, dass trotz eines weiterhin bestehenden lokalen Widerstandes gegen die Windkraftnutzung, angef\u00fchrt von einem \u00f6rtlich ans\u00e4ssigen Allgemein-Mediziner, bei aufgeschlossenen B\u00fcrgerinnen und B\u00fcrgern aus Welzheim und Umgebung Interesse bestand.<\/p>\n\n\n\n<p>Das mit rund 950.000 Euro veranschlagte Vorhaben sollte durch Beteiligung von Kommanditisten und Kleinanlegern (stille Teilhaber) finanziert werden. Zeitgerecht mit der Erteilung der Baugenehmigung Anfang 2004 konnten wir den Eigenanteil \u00fcber 600.000 Euro an Beteiligungen belegen. Nicht unerw\u00e4hnt bleiben soll, dass wir die Genehmigung am Ende doch noch mit anwaltlicher Unterst\u00fctzung durchboxen mussten.<\/p>\n\n\n\n<p>Die Verwirklichung des Vorhabens und der Betrieb bis heute werden getragen von Idealismus und der \u00dcberzeugung f\u00fcr eine \u00f6kologisch lohnende Sache einzutreten. Die Initiatoren und alle Mitgesellschafter leisteten zu der Zeit als das erste Windrad im Rems-Murr-Kreis Realit\u00e4t wurde, Pionierarbeit. In den nun fast 19 Betriebsjahren konnten im Mittel rd. 800.000 kWh j\u00e4hrlich an \u201egr\u00fcnem\u201c Strom erzeugt werden.<\/p>\n\n\n\n<p><a><\/a>Begonnen hat die Stromeinspeisung am 23. Dezember 2004. Nach Ablauf von 20 Betriebsjahren, also nach dem 23.12. 2024 endet die Verg\u00fctung der Stromeinspeisung nach dem Erneuerbare-Energien-Gesetz (EEG). Der Verkauf des erzeugten Stroms ist danach weiterhin auf dem Weg der sogenannten Direktvermarktung m\u00f6glich. Da die Windkraftanlage der \u201eB\u00fcrgerWind Welzheim GmbH &amp; Co. KG\u201c technisch noch gut in Schuss ist, soll sie auch \u00fcber das Datum Dezember 2024 hinaus betrieben werden. Voraussetzung ist daf\u00fcr ein Weiterbetriebsgutachten, das im Jahre 2024 erstellt werden wird.<\/p>\n\n\n\n<p>Eine B\u00fcrgerwindanlage nach dem geschilderten Vorbild heute zu bauen, ist eigentlich nicht mehr m\u00f6glich. Die Dimensionen der Anlagen, nach zwei Jahrzehnten der Weiterentwicklung, sind in technischer und finanzieller Hinsicht, so gewachsen, dass nur ausgewiesene Spezialfirmen oder eben Energieversorger f\u00fcr den weiteren Ausbau der Windkraftnutzung infrage kommen. Heute in der Planung befindliche Projekte bei Windkraftanlagen an Land sind beispielsweise gekennzeichnet durch: 7,2 MW Leistung, 199 Meter Nabenh\u00f6he, 172 Meter Rotordurchmesser und damit durch Kosten in H\u00f6he von 10 \u2013 12 Mio. Euro je Anlage.<br>B\u00fcrgerbeteiligungen lassen sich in solchen F\u00e4llen realisieren, indem lokale B\u00fcrgerenergiegenossenschaften sich an einer von mehreren Windenergieanlagen in einem Windpark finanziell beteiligen.<\/p>\n\n\n\n<details class=\"wp-block-details is-layout-flow wp-block-details-is-layout-flow\"><summary><\/summary>\n<p><\/p>\n<\/details>\n","protected":false},"excerpt":{"rendered":"<p>Erste Windkraftanlage im Rems-Murr-Kreis seit Dezember 2004 in Betrieb Pionierleistung von sechs engagierten B\u00fcrgern Begonnen hat das Ganze mit der Idee von Christof Stocker und Frieder Barei\u00df, zwei B\u00fcrger aus Welzheim und Umgebung. Im Jahre 1996 haben sie ihren Plan, ein Windrad mit ca. 80 kW Leistung zu errichten, in der Zeitung ver\u00f6ffentlicht. Daraufhin bildete [&hellip;]<\/p>\n","protected":false},"author":1,"featured_media":0,"parent":0,"menu_order":0,"comment_status":"closed","ping_status":"closed","template":"","meta":{"footnotes":""},"class_list":["post-76","page","type-page","status-publish","hentry"],"_links":{"self":[{"href":"https:\/\/buergerwind-welzheim.de\/index.php?rest_route=\/wp\/v2\/pages\/76","targetHints":{"allow":["GET"]}}],"collection":[{"href":"https:\/\/buergerwind-welzheim.de\/index.php?rest_route=\/wp\/v2\/pages"}],"about":[{"href":"https:\/\/buergerwind-welzheim.de\/index.php?rest_route=\/wp\/v2\/types\/page"}],"author":[{"embeddable":true,"href":"https:\/\/buergerwind-welzheim.de\/index.php?rest_route=\/wp\/v2\/users\/1"}],"replies":[{"embeddable":true,"href":"https:\/\/buergerwind-welzheim.de\/index.php?rest_route=%2Fwp%2Fv2%2Fcomments&post=76"}],"version-history":[{"count":4,"href":"https:\/\/buergerwind-welzheim.de\/index.php?rest_route=\/wp\/v2\/pages\/76\/revisions"}],"predecessor-version":[{"id":255,"href":"https:\/\/buergerwind-welzheim.de\/index.php?rest_route=\/wp\/v2\/pages\/76\/revisions\/255"}],"wp:attachment":[{"href":"https:\/\/buergerwind-welzheim.de\/index.php?rest_route=%2Fwp%2Fv2%2Fmedia&parent=76"}],"curies":[{"name":"wp","href":"https:\/\/api.w.org\/{rel}","templated":true}]}}